{"id":13,"date":"2021-01-04T18:33:11","date_gmt":"2021-01-04T18:33:11","guid":{"rendered":"https:\/\/traumtage-hochzeitsmesse.de\/?page_id=13"},"modified":"2022-09-05T10:14:59","modified_gmt":"2022-09-05T10:14:59","slug":"impressum","status":"publish","type":"page","link":"https:\/\/traumtage-hochzeitsmesse.de\/?page_id=13","title":{"rendered":"Impressum"},"content":{"rendered":"\n<p>Verantwortlich f\u00fcr dieses Angebot gem\u00e4\u00df \u00a7 5 TMG<\/p>\n\n\n\n<p>Die Ideenschmiede<br>Inhaberin Ramona Kuhnig<\/p>\n\n\n\n<p>Wittener Str. 58<br>45549 Sprockh\u00f6vel<\/p>\n\n\n\n<p>Telefon (0 23 39) 91 12 43<\/p>\n\n\n\n<p>E-Mail info@blumen-ideenschmiede.de<\/p>\n\n\n\n<p>Handelsregister: Amtsgericht Wetter<\/p>\n\n\n\n<p>USt.-ID-Nr: DE 294 595 596<\/p>\n\n\n\n<p>Haftungshinweis:<\/p>\n\n\n\n<p>Trotz sorgf\u00e4ltiger inhaltlicher Kontrolle \u00fcbernehmen wir keine Haftung f\u00fcr die<br>Inhalte externer Links. F\u00fcr den Inhalt der verlinkten Seiten sind ausschlie\u00dflich<br>deren Betreiber verantwortlich.<\/p>\n\n\n\n<p>Erstellung der Seite<br>Mk Design Marian Kuhnig<\/p>\n\n\n\n<p>Quellennachweise<br><\/p>\n","protected":false},"excerpt":{"rendered":"<p>Verantwortlich f\u00fcr dieses Angebot gem\u00e4\u00df \u00a7 5 TMG Die IdeenschmiedeInhaberin Ramona Kuhnig Wittener Str. 5845549 Sprockh\u00f6vel Telefon (0 23 39) 91 12 43 E-Mail info@blumen-ideenschmiede.de Handelsregister: Amtsgericht Wetter USt.-ID-Nr: DE 294 595 596 Haftungshinweis: Trotz sorgf\u00e4ltiger inhaltlicher Kontrolle \u00fcbernehmen wir keine Haftung f\u00fcr dieInhalte externer Links. F\u00fcr den Inhalt der verlinkten Seiten sind ausschlie\u00dflichderen Betreiber [&hellip;]<\/p>\n","protected":false},"author":1,"featured_media":0,"parent":0,"menu_order":0,"comment_status":"closed","ping_status":"closed","template":"","meta":{"footnotes":""},"class_list":["post-13","page","type-page","status-publish","hentry"],"_links":{"self":[{"href":"https:\/\/traumtage-hochzeitsmesse.de\/index.php?rest_route=\/wp\/v2\/pages\/13","targetHints":{"allow":["GET"]}}],"collection":[{"href":"https:\/\/traumtage-hochzeitsmesse.de\/index.php?rest_route=\/wp\/v2\/pages"}],"about":[{"href":"https:\/\/traumtage-hochzeitsmesse.de\/index.php?rest_route=\/wp\/v2\/types\/page"}],"author":[{"embeddable":true,"href":"https:\/\/traumtage-hochzeitsmesse.de\/index.php?rest_route=\/wp\/v2\/users\/1"}],"replies":[{"embeddable":true,"href":"https:\/\/traumtage-hochzeitsmesse.de\/index.php?rest_route=%2Fwp%2Fv2%2Fcomments&post=13"}],"version-history":[{"count":5,"href":"https:\/\/traumtage-hochzeitsmesse.de\/index.php?rest_route=\/wp\/v2\/pages\/13\/revisions"}],"predecessor-version":[{"id":2355,"href":"https:\/\/traumtage-hochzeitsmesse.de\/index.php?rest_route=\/wp\/v2\/pages\/13\/revisions\/2355"}],"wp:attachment":[{"href":"https:\/\/traumtage-hochzeitsmesse.de\/index.php?rest_route=%2Fwp%2Fv2%2Fmedia&parent=13"}],"curies":[{"name":"wp","href":"https:\/\/api.w.org\/{rel}","templated":true}]}}