{"id":3562,"date":"2024-01-21T09:29:41","date_gmt":"2024-01-21T09:29:41","guid":{"rendered":"https:\/\/traumtage-hochzeitsmesse.de\/?page_id=3562"},"modified":"2024-01-21T09:32:30","modified_gmt":"2024-01-21T09:32:30","slug":"weddinxplanner","status":"publish","type":"page","link":"https:\/\/traumtage-hochzeitsmesse.de\/?page_id=3562","title":{"rendered":"WeddinXPlanner"},"content":{"rendered":"\t\t<div data-elementor-type=\"wp-page\" data-elementor-id=\"3562\" class=\"elementor elementor-3562\" data-elementor-post-type=\"page\">\n\t\t\t\t\t\t<section class=\"elementor-section elementor-top-section elementor-element elementor-element-b2601e0 elementor-section-content-middle elementor-section-boxed elementor-section-height-default elementor-section-height-default\" data-id=\"b2601e0\" data-element_type=\"section\" data-e-type=\"section\">\n\t\t\t\t\t\t<div class=\"elementor-container elementor-column-gap-default\">\n\t\t\t\t\t<div class=\"elementor-column elementor-col-50 elementor-top-column elementor-element elementor-element-ef197bf\" data-id=\"ef197bf\" data-element_type=\"column\" data-e-type=\"column\">\n\t\t\t<div class=\"elementor-widget-wrap elementor-element-populated\">\n\t\t\t\t\t\t<div class=\"elementor-element elementor-element-a0e1232 elementor-widget elementor-widget-image\" data-id=\"a0e1232\" data-element_type=\"widget\" data-e-type=\"widget\" data-widget_type=\"image.default\">\n\t\t\t\t<div class=\"elementor-widget-container\">\n\t\t\t\t\t\t\t\t\t\t\t\t\t\t\t<img fetchpriority=\"high\" decoding=\"async\" width=\"375\" height=\"575\" src=\"https:\/\/traumtage-hochzeitsmesse.de\/wp-content\/uploads\/2024\/01\/IMG_3241-removebg-preview.png\" class=\"attachment-large size-large wp-image-3567\" alt=\"\" srcset=\"https:\/\/traumtage-hochzeitsmesse.de\/wp-content\/uploads\/2024\/01\/IMG_3241-removebg-preview.png 375w, https:\/\/traumtage-hochzeitsmesse.de\/wp-content\/uploads\/2024\/01\/IMG_3241-removebg-preview-196x300.png 196w, https:\/\/traumtage-hochzeitsmesse.de\/wp-content\/uploads\/2024\/01\/IMG_3241-removebg-preview-39x60.png 39w\" sizes=\"(max-width: 375px) 100vw, 375px\" \/>\t\t\t\t\t\t\t\t\t\t\t\t\t\t\t<\/div>\n\t\t\t\t<\/div>\n\t\t\t\t<div class=\"elementor-element elementor-element-c983adf elementor-widget elementor-widget-spacer\" data-id=\"c983adf\" data-element_type=\"widget\" data-e-type=\"widget\" data-widget_type=\"spacer.default\">\n\t\t\t\t<div class=\"elementor-widget-container\">\n\t\t\t\t\t\t\t<div class=\"elementor-spacer\">\n\t\t\t<div class=\"elementor-spacer-inner\"><\/div>\n\t\t<\/div>\n\t\t\t\t\t\t<\/div>\n\t\t\t\t<\/div>\n\t\t\t\t\t<\/div>\n\t\t<\/div>\n\t\t\t\t<div class=\"elementor-column elementor-col-50 elementor-top-column elementor-element elementor-element-fe6bd23\" data-id=\"fe6bd23\" data-element_type=\"column\" data-e-type=\"column\">\n\t\t\t<div class=\"elementor-widget-wrap elementor-element-populated\">\n\t\t\t\t\t\t<div class=\"elementor-element elementor-element-ca9bf44 elementor-widget elementor-widget-text-editor\" data-id=\"ca9bf44\" data-element_type=\"widget\" data-e-type=\"widget\" data-widget_type=\"text-editor.default\">\n\t\t\t\t<div class=\"elementor-widget-container\">\n\t\t\t\t\t\t\t\t\t<p>Ich bin Tu\u011f\u00e7e &#8211; eine 26 j\u00e4hrige Ingenieurstudentin, die nebenbei ihr Hobby zum Beruf gemacht hat.<span class=\"gmail-Apple-converted-space\">\u00a0<\/span><br \/>Ich war schon immer eine kreative Detailliebhaberin. Meine Vorstellungen hatte ich immer bildlich im Kopf, sodass ich mir bestimmte W\u00fcnsche anderer gut vorstellen kann.<br \/>Nachdem ich im Jahr 2022 meine eigene Hochzeit planen durfte, habe ich mich dazu entschieden, auch den Traum anderer P\u00e4rchen in Erf\u00fcllung zu bringen. Begonnen habe ich mit der Hochzeitspapeterie und biete nun auch weitere Dienstleistungen in den Bereichen Hochzeitsplanung, Dekoration, Produkt- und Dekoverleih an. Mir selber ist es sehr schwer gefallen, meine Wunschprodukte und passende Dienstleister zu finden. Somit habe ich es mir zur Aufgabe gemacht, genau diese Produkte anzubieten, welche ich nicht in dem Stil gefunden habe und lasse meiner Kreativit\u00e4t freien Lauf.<br \/>Es sind tats\u00e4chlich nicht nur irgendwelche Produkte, sondern besondere Anfertigungen nach euren W\u00fcnschen und Vorstellungen. Ich nehme mir reichlich Zeit f\u00fcr euch &#8211; damit wir alles bis ins Detail besprechen. Wir gehen die Vorbereitungen gemeinsam in engem Austausch miteinander an.<br \/>Ich helfe euch dabei, euren besonderen Tag gleichzeitig zum sch\u00f6nsten zu machen.<\/p>\t\t\t\t\t\t\t\t<\/div>\n\t\t\t\t<\/div>\n\t\t\t\t\t<\/div>\n\t\t<\/div>\n\t\t\t\t\t<\/div>\n\t\t<\/section>\n\t\t\t\t<section class=\"elementor-section elementor-top-section elementor-element elementor-element-f5284d5 elementor-section-boxed elementor-section-height-default elementor-section-height-default\" data-id=\"f5284d5\" data-element_type=\"section\" data-e-type=\"section\">\n\t\t\t\t\t\t<div class=\"elementor-container elementor-column-gap-default\">\n\t\t\t\t\t<div class=\"elementor-column elementor-col-100 elementor-top-column elementor-element elementor-element-b10f23c\" data-id=\"b10f23c\" data-element_type=\"column\" data-e-type=\"column\">\n\t\t\t<div class=\"elementor-widget-wrap elementor-element-populated\">\n\t\t\t\t\t\t<div class=\"elementor-element elementor-element-80bf499 elementor-widget elementor-widget-heading\" data-id=\"80bf499\" data-element_type=\"widget\" data-e-type=\"widget\" data-widget_type=\"heading.default\">\n\t\t\t\t<div class=\"elementor-widget-container\">\n\t\t\t\t\t<h2 class=\"elementor-heading-title elementor-size-default\">Inspirationen<\/h2>\t\t\t\t<\/div>\n\t\t\t\t<\/div>\n\t\t\t\t\t<\/div>\n\t\t<\/div>\n\t\t\t\t\t<\/div>\n\t\t<\/section>\n\t\t\t\t<section class=\"elementor-section elementor-top-section elementor-element elementor-element-f336f56 elementor-section-content-middle elementor-section-boxed elementor-section-height-default elementor-section-height-default\" data-id=\"f336f56\" data-element_type=\"section\" data-e-type=\"section\">\n\t\t\t\t\t\t<div class=\"elementor-container elementor-column-gap-default\">\n\t\t\t\t\t<div class=\"elementor-column elementor-col-33 elementor-top-column elementor-element elementor-element-559afed\" data-id=\"559afed\" data-element_type=\"column\" data-e-type=\"column\">\n\t\t\t<div class=\"elementor-widget-wrap elementor-element-populated\">\n\t\t\t\t\t\t<div class=\"elementor-element elementor-element-800e1b1 elementor-widget elementor-widget-image\" data-id=\"800e1b1\" data-element_type=\"widget\" data-e-type=\"widget\" data-widget_type=\"image.default\">\n\t\t\t\t<div class=\"elementor-widget-container\">\n\t\t\t\t\t\t\t\t\t\t\t\t\t\t\t<img decoding=\"async\" width=\"683\" height=\"1024\" src=\"https:\/\/traumtage-hochzeitsmesse.de\/wp-content\/uploads\/2024\/01\/DSC8381-683x1024.jpg\" class=\"attachment-large size-large wp-image-3564\" alt=\"\" srcset=\"https:\/\/traumtage-hochzeitsmesse.de\/wp-content\/uploads\/2024\/01\/DSC8381-683x1024.jpg 683w, https:\/\/traumtage-hochzeitsmesse.de\/wp-content\/uploads\/2024\/01\/DSC8381-200x300.jpg 200w, https:\/\/traumtage-hochzeitsmesse.de\/wp-content\/uploads\/2024\/01\/DSC8381-768x1152.jpg 768w, https:\/\/traumtage-hochzeitsmesse.de\/wp-content\/uploads\/2024\/01\/DSC8381-1024x1536.jpg 1024w, https:\/\/traumtage-hochzeitsmesse.de\/wp-content\/uploads\/2024\/01\/DSC8381-1365x2048.jpg 1365w, https:\/\/traumtage-hochzeitsmesse.de\/wp-content\/uploads\/2024\/01\/DSC8381-40x60.jpg 40w, https:\/\/traumtage-hochzeitsmesse.de\/wp-content\/uploads\/2024\/01\/DSC8381-scaled.jpg 1707w\" sizes=\"(max-width: 683px) 100vw, 683px\" \/>\t\t\t\t\t\t\t\t\t\t\t\t\t\t\t<\/div>\n\t\t\t\t<\/div>\n\t\t\t\t\t<\/div>\n\t\t<\/div>\n\t\t\t\t<div class=\"elementor-column elementor-col-33 elementor-top-column elementor-element elementor-element-cb83b25\" data-id=\"cb83b25\" data-element_type=\"column\" data-e-type=\"column\">\n\t\t\t<div class=\"elementor-widget-wrap elementor-element-populated\">\n\t\t\t\t\t\t<div class=\"elementor-element elementor-element-2424b74 elementor-widget elementor-widget-image\" data-id=\"2424b74\" data-element_type=\"widget\" data-e-type=\"widget\" data-widget_type=\"image.default\">\n\t\t\t\t<div class=\"elementor-widget-container\">\n\t\t\t\t\t\t\t\t\t\t\t\t\t\t\t<img decoding=\"async\" width=\"800\" height=\"987\" src=\"https:\/\/traumtage-hochzeitsmesse.de\/wp-content\/uploads\/2024\/01\/EInladungsbox-830x1024.png\" class=\"attachment-large size-large wp-image-3565\" alt=\"\" srcset=\"https:\/\/traumtage-hochzeitsmesse.de\/wp-content\/uploads\/2024\/01\/EInladungsbox-830x1024.png 830w, https:\/\/traumtage-hochzeitsmesse.de\/wp-content\/uploads\/2024\/01\/EInladungsbox-243x300.png 243w, https:\/\/traumtage-hochzeitsmesse.de\/wp-content\/uploads\/2024\/01\/EInladungsbox-768x948.png 768w, https:\/\/traumtage-hochzeitsmesse.de\/wp-content\/uploads\/2024\/01\/EInladungsbox-49x60.png 49w, https:\/\/traumtage-hochzeitsmesse.de\/wp-content\/uploads\/2024\/01\/EInladungsbox.png 1170w\" sizes=\"(max-width: 800px) 100vw, 800px\" \/>\t\t\t\t\t\t\t\t\t\t\t\t\t\t\t<\/div>\n\t\t\t\t<\/div>\n\t\t\t\t\t<\/div>\n\t\t<\/div>\n\t\t\t\t<div class=\"elementor-column elementor-col-33 elementor-top-column elementor-element elementor-element-5078e18\" data-id=\"5078e18\" data-element_type=\"column\" data-e-type=\"column\">\n\t\t\t<div class=\"elementor-widget-wrap elementor-element-populated\">\n\t\t\t\t\t\t<div class=\"elementor-element elementor-element-ae4a468 elementor-widget elementor-widget-image\" data-id=\"ae4a468\" data-element_type=\"widget\" data-e-type=\"widget\" data-widget_type=\"image.default\">\n\t\t\t\t<div class=\"elementor-widget-container\">\n\t\t\t\t\t\t\t\t\t\t\t\t\t\t\t<img loading=\"lazy\" decoding=\"async\" width=\"683\" height=\"1024\" src=\"https:\/\/traumtage-hochzeitsmesse.de\/wp-content\/uploads\/2024\/01\/DSC8354-683x1024.jpg\" class=\"attachment-large size-large wp-image-3563\" alt=\"\" srcset=\"https:\/\/traumtage-hochzeitsmesse.de\/wp-content\/uploads\/2024\/01\/DSC8354-683x1024.jpg 683w, https:\/\/traumtage-hochzeitsmesse.de\/wp-content\/uploads\/2024\/01\/DSC8354-200x300.jpg 200w, https:\/\/traumtage-hochzeitsmesse.de\/wp-content\/uploads\/2024\/01\/DSC8354-768x1152.jpg 768w, https:\/\/traumtage-hochzeitsmesse.de\/wp-content\/uploads\/2024\/01\/DSC8354-1024x1536.jpg 1024w, https:\/\/traumtage-hochzeitsmesse.de\/wp-content\/uploads\/2024\/01\/DSC8354-1365x2048.jpg 1365w, https:\/\/traumtage-hochzeitsmesse.de\/wp-content\/uploads\/2024\/01\/DSC8354-40x60.jpg 40w, https:\/\/traumtage-hochzeitsmesse.de\/wp-content\/uploads\/2024\/01\/DSC8354-scaled.jpg 1707w\" sizes=\"(max-width: 683px) 100vw, 683px\" \/>\t\t\t\t\t\t\t\t\t\t\t\t\t\t\t<\/div>\n\t\t\t\t<\/div>\n\t\t\t\t\t<\/div>\n\t\t<\/div>\n\t\t\t\t\t<\/div>\n\t\t<\/section>\n\t\t\t\t<\/div>\n\t\t","protected":false},"excerpt":{"rendered":"<p>Ich bin Tu\u011f\u00e7e &#8211; eine 26 j\u00e4hrige Ingenieurstudentin, die nebenbei ihr Hobby zum Beruf gemacht hat.\u00a0Ich war schon immer eine kreative Detailliebhaberin. Meine Vorstellungen hatte ich immer bildlich im Kopf, sodass ich mir bestimmte W\u00fcnsche anderer gut vorstellen kann.Nachdem ich im Jahr 2022 meine eigene Hochzeit planen durfte, habe ich mich dazu entschieden, auch den [&hellip;]<\/p>\n","protected":false},"author":1,"featured_media":3566,"parent":0,"menu_order":0,"comment_status":"closed","ping_status":"closed","template":"","meta":{"footnotes":""},"class_list":["post-3562","page","type-page","status-publish","has-post-thumbnail","hentry"],"_links":{"self":[{"href":"https:\/\/traumtage-hochzeitsmesse.de\/index.php?rest_route=\/wp\/v2\/pages\/3562","targetHints":{"allow":["GET"]}}],"collection":[{"href":"https:\/\/traumtage-hochzeitsmesse.de\/index.php?rest_route=\/wp\/v2\/pages"}],"about":[{"href":"https:\/\/traumtage-hochzeitsmesse.de\/index.php?rest_route=\/wp\/v2\/types\/page"}],"author":[{"embeddable":true,"href":"https:\/\/traumtage-hochzeitsmesse.de\/index.php?rest_route=\/wp\/v2\/users\/1"}],"replies":[{"embeddable":true,"href":"https:\/\/traumtage-hochzeitsmesse.de\/index.php?rest_route=%2Fwp%2Fv2%2Fcomments&post=3562"}],"version-history":[{"count":3,"href":"https:\/\/traumtage-hochzeitsmesse.de\/index.php?rest_route=\/wp\/v2\/pages\/3562\/revisions"}],"predecessor-version":[{"id":3570,"href":"https:\/\/traumtage-hochzeitsmesse.de\/index.php?rest_route=\/wp\/v2\/pages\/3562\/revisions\/3570"}],"wp:featuredmedia":[{"embeddable":true,"href":"https:\/\/traumtage-hochzeitsmesse.de\/index.php?rest_route=\/wp\/v2\/media\/3566"}],"wp:attachment":[{"href":"https:\/\/traumtage-hochzeitsmesse.de\/index.php?rest_route=%2Fwp%2Fv2%2Fmedia&parent=3562"}],"curies":[{"name":"wp","href":"https:\/\/api.w.org\/{rel}","templated":true}]}}